{"id":976,"date":"2025-03-12T02:18:08","date_gmt":"2025-03-12T02:18:08","guid":{"rendered":"https:\/\/www.tlheatpress.com:8182\/?page_id=976"},"modified":"2026-02-06T02:35:49","modified_gmt":"2026-02-06T02:35:49","slug":"agent-application","status":"publish","type":"page","link":"https:\/\/www.gdtrailer.com\/fr\/agent-application\/","title":{"rendered":"Candidature d'un agent"},"content":{"rendered":"<div class=\"path-bar\">\n        <div class=\"layout\" style=\"margin:0 auto\">\n            <ul class=\"path-nav\">\n                <li><a href=\"\/\">Accueil<\/a><\/li>\n                <!--\u9762\u5305\u5c51-->\n               <li><a href=\"\">Candidature d'un agent<\/a><\/li>\n            <\/ul>\n        <\/div>\n    <\/div>\n\n\n\n<h1 class=\"wp-block-heading has-text-align-center sh h20 layout ch mb2\" style=\"font-size:30px\"><strong>Devenir concessionnaire et distributeur agr\u00e9\u00e9 Heavy Machinery<\/strong><\/h1>\n\n\n\n<p class=\"has-text-align-center layout mb2\">Posez votre candidature pour devenir un concessionnaire agr\u00e9\u00e9 de camions, de semi-remorques, de machines lourdes et d'\u00e9quipements de construction. Prix comp\u00e9titifs, politique de protection r\u00e9gionale, soutien marketing et service apr\u00e8s-vente complet.<\/p>\n\n\n\n<div class=\"wp-block-buttons mb3 is-content-justification-center is-layout-flex wp-container-core-buttons-is-layout-1 wp-block-buttons-is-layout-flex\">\n<div class=\"wp-block-button has-custom-font-size\" style=\"font-size:16px\"><a class=\"wp-block-button__link has-white-color has-text-color has-background has-link-color wp-element-button\" href=\"\/contact-us\/\" style=\"border-radius:2px;background-color:#e30613\"><strong>Rejoignez notre r\u00e9seau mondial de distributeurs d\u00e8s aujourd'hui<\/strong><\/a><\/div>\n<\/div>\n\n\n\n<h2 class=\"wp-block-heading has-text-align-left layout h2t mb2 h20\" style=\"font-size:28px\"><strong>Nos avantages - Ce que nous offrons \u00e0 nos distributeurs<\/strong><\/h2>\n\n\n\n<p class=\"layout mb2\">Devenir un distributeur agr\u00e9\u00e9 de Shandong Global Diamond Automobile Technology Co., Ltd. signifie s'associer \u00e0 un fabricant qui se consacre \u00e0 la qualit\u00e9, \u00e0 l'innovation et \u00e0 la coop\u00e9ration \u00e0 long terme. Nous nous engageons \u00e0 aider nos partenaires \u00e0 atteindre une croissance commerciale durable sur leurs march\u00e9s locaux.<\/p>\n\n\n\n<div class=\"wp-block-columns layout outBorder mb3 is-layout-flex wp-container-core-columns-is-layout-1 wp-block-columns-is-layout-flex\">\n<div class=\"wp-block-column is-layout-flow wp-block-column-is-layout-flow\">\n<h3 class=\"wp-block-heading mb\">\u25c6 Des prix comp\u00e9titifs et rentables<\/h3>\n\n\n\n<p class=\"mb2\">Nous proposons des prix directs d'usine, des politiques de remise flexibles et des marges rentables afin de garantir une forte comp\u00e9titivit\u00e9 sur votre march\u00e9.<\/p>\n\n\n\n<h3 class=\"wp-block-heading mb\">\u25c6 Protection r\u00e9gionale exclusive<\/h3>\n\n\n\n<p class=\"mb2\">Les concessionnaires b\u00e9n\u00e9ficient d'autorisations r\u00e9gionales claires et de politiques de protection du march\u00e9, ce qui permet d'\u00e9viter une concurrence inutile sur les prix.<\/p>\n\n\n\n<h3 class=\"wp-block-heading mb\">\u25c6 Forte r\u00e9putation de la marque<\/h3>\n\n\n\n<p class=\"mb2\">Nos produits sont largement utilis\u00e9s dans les projets de construction, d'exploitation mini\u00e8re, de transport, de logistique et d'infrastructure, et jouissent de la confiance de clients du monde entier.<\/p>\n\n\n\n<h3 class=\"wp-block-heading mb\">\u25c6 Gamme compl\u00e8te de produits<\/h3>\n\n\n\n<p class=\"mb\">Nous proposons un portefeuille complet comprenant<\/p>\n\n\n\n<ul class=\"wp-block-list ulDesc\">\n<li><a href=\"https:\/\/www.gdtrailer.com\/dump-truck-category\/\"><u>Camion-benne<\/u><\/a>&nbsp;et <a href=\"https:\/\/www.gdtrailer.com\/tractor-truck-category\"><u>camion tracteur<\/u><\/a><\/li>\n\n\n\n<li><a href=\"https:\/\/www.gdtrailer.com\/low-flatbed-trailer-category\/\"><u>Semi-remorques surbaiss\u00e9es<\/u><\/a>&nbsp;et des bandes-annonces sp\u00e9ciales<\/li>\n\n\n\n<li>Pelles, chargeurs, bulldozers, grues et engins routiers<\/li>\n<\/ul>\n\n\n\n<p class=\"mb2\">Cela vous permet de r\u00e9pondre aux besoins diversifi\u00e9s de vos clients avec un seul fournisseur.<\/p>\n\n\n\n<h3 class=\"wp-block-heading mb\">\u25c6 Une qualit\u00e9 fiable gr\u00e2ce aux certifications<\/h3>\n\n\n\n<p class=\"mb2\">Normes de production internationales, contr\u00f4le strict de la qualit\u00e9, certificats CE\/DOT\/GCC disponibles selon les exigences du march\u00e9.<\/p>\n\n\n\n<h3 class=\"wp-block-heading mb\">\u25c6 Livraison rapide et approvisionnement stable<\/h3>\n\n\n\n<p class=\"mb2\">Une capacit\u00e9 de production \u00e0 grande \u00e9chelle et une logistique efficace garantissent une ex\u00e9cution rapide des commandes et un approvisionnement stable des stocks.<\/p>\n\n\n\n<h3 class=\"wp-block-heading mb\">\u25c6 Assistance technique professionnelle<\/h3>\n\n\n\n<p class=\"mb2\">Nous offrons des conseils avant la vente, de la documentation technique, des catalogues de pi\u00e8ces d\u00e9tach\u00e9es et des conseils en mati\u00e8re de d\u00e9pannage.<\/p>\n\n\n\n<h3 class=\"wp-block-heading mb\">\u25c6 Service apr\u00e8s-vente efficace<\/h3>\n\n\n\n<p class=\"mb2\">Syst\u00e8me mondial de soutien au service, ressources de formation et approvisionnement en pi\u00e8ces d\u00e9tach\u00e9es pour assurer le fonctionnement \u00e0 long terme des produits.<\/p>\n\n\n\n<ul class=\"wp-block-list ulDesc\">\n<li>Camions-bennes et camions-tracteurs<\/li>\n\n\n\n<li>Semi-remorques surbaiss\u00e9es et remorques sp\u00e9ciales<\/li>\n\n\n\n<li><a href=\"https:\/\/www.gdtrailer.com\/excavator-category\"><u>Pelles<\/u><\/a>, <a href=\"https:\/\/www.gdtrailer.com\/loader-category\"><u>chargeurs<\/u><\/a>, <a href=\"https:\/\/www.gdtrailer.com\/bulldozer-category\"><u>bulldozers<\/u><\/a>, <a href=\"https:\/\/www.gdtrailer.com\/crane-category\"><u>grues<\/u><\/a>&nbsp;et machines routi\u00e8res<\/li>\n<\/ul>\n<\/div>\n<\/div>\n\n\n\n<h2 class=\"wp-block-heading has-text-align-left layout h2t mb2 h20\" style=\"font-size:28px\"><strong>Ressources de soutien - Ce que nous fournissons pour vous aider \u00e0 vous d\u00e9velopper<\/strong><\/h2>\n\n\n\n<p class=\"layout mb2\">Nous ne nous contentons pas de vendre des produits - nous vous aidons \u00e0 cr\u00e9er une entreprise prosp\u00e8re.<\/p>\n\n\n\n<div class=\"wp-block-columns layout outBorder mb3 is-layout-flex wp-container-core-columns-is-layout-2 wp-block-columns-is-layout-flex\">\n<div class=\"wp-block-column is-layout-flow wp-block-column-is-layout-flow\">\n<h3 class=\"wp-block-heading mb\">\u25c6 Mat\u00e9riel de marketing<\/h3>\n\n\n\n<ul class=\"wp-block-list mb2 ulDesc\">\n<li>Brochures et catalogues de produits<\/li>\n\n\n\n<li>Photos et vid\u00e9os en haute r\u00e9solution<\/li>\n\n\n\n<li>Mod\u00e8les de contenu pour les m\u00e9dias sociaux<\/li>\n\n\n\n<li>Textes publicitaires et pages d'atterrissage<\/li>\n<\/ul>\n\n\n\n<h3 class=\"wp-block-heading mb\">\u25c6 Syst\u00e8me de formation et d'apprentissage en ligne<\/h3>\n\n\n\n<ul class=\"wp-block-list mb2 ulDesc\">\n<li>Brochures et catalogues de produits<\/li>\n\n\n\n<li>Formation \u00e0 la vente et \u00e0 la n\u00e9gociation&nbsp;<\/li>\n\n\n\n<li>Strat\u00e9gies de d\u00e9veloppement du march\u00e9<\/li>\n\n\n\n<li>Assistance apr\u00e8s-vente et maintenance&nbsp;<\/li>\n<\/ul>\n\n\n\n<h3 class=\"wp-block-heading mb\">\u25c6 Promotions marketing conjointes<\/h3>\n\n\n\n<ul class=\"wp-block-list mb2 ulDesc\">\n<li>Coop\u00e9ration en mati\u00e8re de publicit\u00e9 en ligne<\/li>\n\n\n\n<li>Soutien aux expositions et \u00e9v\u00e9nements locaux<\/li>\n\n\n\n<li>Campagnes de marketing en co-branding<\/li>\n\n\n\n<li>Planification des promotions saisonni\u00e8res<\/li>\n<\/ul>\n\n\n\n<h3 class=\"wp-block-heading mb\">Politique de partage des responsabilit\u00e9s<\/h3>\n\n\n\n<p class=\"mb2\">Les demandes de clients de qualit\u00e9 provenant de votre r\u00e9gion autoris\u00e9e seront trait\u00e9es en priorit\u00e9 par votre entreprise.&nbsp;<\/p>\n\n\n\n<h3 class=\"wp-block-heading mb\">\u25c6 Assistance technique et pi\u00e8ces d\u00e9tach\u00e9es<\/h3>\n\n\n\n<ul class=\"wp-block-list mb2 ulDesc\">\n<li>Syst\u00e8me d'approvisionnement en pi\u00e8ces d\u00e9tach\u00e9es<\/li>\n\n\n\n<li>Manuels techniques et diagrammes&nbsp;<\/li>\n\n\n\n<li>Assistance technique en ligne<\/li>\n<\/ul>\n\n\n\n<h3 class=\"wp-block-heading mb\">\u25c6 Aide au d\u00e9veloppement des entreprises<\/h3>\n\n\n\n<ul class=\"wp-block-list mb2 ulDesc\">\n<li>Analyse du march\u00e9 et suggestions de d\u00e9veloppement<\/li>\n\n\n\n<li>Conseils en mati\u00e8re de tarification et soutien aux appels d'offres<\/li>\n\n\n\n<li>Campagnes de marketing en co-branding<\/li>\n\n\n\n<li>Planification de la strat\u00e9gie de partenariat \u00e0 long terme<\/li>\n<\/ul>\n<\/div>\n<\/div>\n\n\n\n<h2 class=\"wp-block-heading has-text-align-left layout h2t mb2 h20\" style=\"font-size:28px\"><strong>Exigences en mati\u00e8re de qualification des concessionnaires - Ce que nous attendons de vous<\/strong><\/h2>\n\n\n\n<p class=\"layout mb2\">Afin de garantir un fonctionnement professionnel du march\u00e9 et une grande satisfaction de la client\u00e8le, nos candidats revendeurs agr\u00e9\u00e9s doivent remplir les conditions de base suivantes :<\/p>\n\n\n\n<div class=\"wp-block-columns layout outBorder mb3 is-layout-flex wp-container-core-columns-is-layout-3 wp-block-columns-is-layout-flex\">\n<div class=\"wp-block-column is-layout-flow wp-block-column-is-layout-flow\">\n<h3 class=\"wp-block-heading mb\">\u25c6 Capacit\u00e9 de l'entreprise<\/h3>\n\n\n\n<ul class=\"wp-block-list mb2 ulDesc\">\n<li>Entit\u00e9 commerciale l\u00e9gale et enregistr\u00e9e dans votre pays ou r\u00e9gion<\/li>\n\n\n\n<li>Exp\u00e9rience dans le domaine des machines, des v\u00e9hicules, des transports ou des industries connexes souhait\u00e9e<\/li>\n<\/ul>\n\n\n\n<h3 class=\"wp-block-heading mb\">\u25c6 Capacit\u00e9 de d\u00e9veloppement du march\u00e9<\/h3>\n\n\n\n<ul class=\"wp-block-list mb2 ulDesc\">\n<li>Compr\u00e9hension du march\u00e9 local des machines de construction ou des camions&nbsp;<\/li>\n\n\n\n<li>Capacit\u00e9 \u00e0 organiser des campagnes de marketing et \u00e0 d\u00e9velopper la client\u00e8le&nbsp;<\/li>\n\n\n\n<li>L'existence d'un r\u00e9seau de vente ou d'une base de client\u00e8le est un avantage.<\/li>\n<\/ul>\n\n\n\n<h3 class=\"wp-block-heading mb\">\u25c6 Capacit\u00e9 de vente et de service<\/h3>\n\n\n\n<ul class=\"wp-block-list mb2 ulDesc\">\n<li>Capacit\u00e9 \u00e0 assurer la communication avant-vente au niveau local<\/li>\n\n\n\n<li>Support apr\u00e8s-vente de base ou canal de coop\u00e9ration en mati\u00e8re de services<\/li>\n\n\n\n<li>Volont\u00e9 de pr\u00e9server la r\u00e9putation de la marque et l'image du march\u00e9<\/li>\n<\/ul>\n\n\n\n<h3 class=\"wp-block-heading mb\">\u25c6 \u00c9quipe et ressources<\/h3>\n\n\n\n<ul class=\"wp-block-list mb2 ulDesc\">\n<li>\u00c9quipe de vente stable ou personnel de vente sp\u00e9cialis\u00e9&nbsp;<\/li>\n\n\n\n<li>&nbsp;Bureau, salle d'exposition ou entrep\u00f4t de pr\u00e9f\u00e9rence<\/li>\n<\/ul>\n\n\n\n<h3 class=\"wp-block-heading mb\">\u25c6 Attitude de partenariat<\/h3>\n\n\n\n<ul class=\"wp-block-list mb2 ulDesc\">\n<li>Volont\u00e9 d'\u00e9tablir une coop\u00e9ration strat\u00e9gique \u00e0 long terme<\/li>\n\n\n\n<li>Accepter de se conformer au syst\u00e8me de prix et \u00e0 la politique de protection r\u00e9gionale<\/li>\n<\/ul>\n<\/div>\n<\/div>\n\n\n\n<div class=\"wp-block-buttons mb3 is-content-justification-center is-layout-flex wp-container-core-buttons-is-layout-2 wp-block-buttons-is-layout-flex\">\n<div class=\"wp-block-button has-custom-font-size\" style=\"font-size:16px\"><a class=\"wp-block-button__link has-white-color has-text-color has-background has-link-color wp-element-button\" href=\"\/contact-us\/\" style=\"border-radius:2px;background-color:#e30613\"><strong>Nous contacter<\/strong><\/a><\/div>\n<\/div>\n\n\n\n<style>\n\n.outBorder{\n    border: 6px solid #00000021;\n    padding: 20px;\n\n}\n.ulDesc li{\nlist-style:disc!important;\nmargin-left:40px\n\n}\n\n.gap{\ngap:2px!important\n}\n       .bgImg {\n\n       background-image: url(\/wp-content\/uploads\/2025\/11\/title_bg.webp) !important;\n    background-size: cover;\n    background-repeat: no-repeat;\n    background-position: top;\n    height: 13vw;\n    display: flex;\n    align-items: center;\n    justify-content: center;\n   \n        }\n\n.mb3{\nmargin-bottom:3%!important\n}\n.mb2{\nmargin-bottom:2%\n}\n.mb10{\nmargin-bottom:10%\n}\n\n.h2t{\n    padding-bottom: 0;\n    position: relative;\n    padding-left: 20px;\n}\n.h2t:after {\n  \n    bottom: 0;\n    content: \" \";\n    \/* display: block; *\/\n    left: 0;\n    position: absolute;\n    width: 10px;\n    background: #e30613 !important;\n    height: 100%;\n    visibility: visible!important;\n}\n\n\n\n@media screen and (min-width:781px){\n   \n\n} \n#header_inquiry-form {\n  \n    box-shadow: none !important;\n\n    border: 1px solid #eee !important;\n}\n\n    <\/style>\n\n\n\n<style>\n@media screen and (max-width:781px){\n.h20{\nfont-size:18px!important\n}\n\n}\na{\ncolor:red;}\n<\/style>\n\n\n\n<p><\/p>","protected":false},"excerpt":{"rendered":"<p>Accueil Demande d'agent Devenir concessionnaire et distributeur agr\u00e9\u00e9 de machines lourdes Demander \u00e0 devenir concessionnaire agr\u00e9\u00e9 de camions, de semi-remorques, de machines lourdes et d'\u00e9quipements de construction. Prix comp\u00e9titifs, politique de protection r\u00e9gionale, soutien marketing et service apr\u00e8s-vente complet. Nos avantages - Ce que nous offrons \u00e0 nos concessionnaires Devenir un concessionnaire agr\u00e9\u00e9 de Shandong Global Diamond Automobile Technology Co., Ltd. signifie [...]<\/p>","protected":false},"author":1,"featured_media":0,"parent":0,"menu_order":0,"comment_status":"closed","ping_status":"closed","template":"","meta":{"footnotes":""},"class_list":["post-976","page","type-page","status-publish","hentry"],"yoast_head":"<!-- This site is optimized with the Yoast SEO plugin v26.6 - https:\/\/yoast.com\/wordpress\/plugins\/seo\/ -->\n<title>Global Truck &amp; Semi Trailer Manufacturer Partnership - Global Heavy Truck Trailer Solutions<\/title>\n<meta name=\"description\" content=\"Apply to become a sales agent of Shandong Global Diamond, a leading truck and semi trailer manufacturer. Join our global dealer network and grow your business with factory-direct support, competitive pricing, and full marketing assistance.\" \/>\n<meta name=\"robots\" content=\"index, follow, max-snippet:-1, max-image-preview:large, max-video-preview:-1\" \/>\n<link rel=\"canonical\" href=\"https:\/\/www.gdtrailer.com\/fr\/agent-application\/\" \/>\n<meta property=\"og:locale\" content=\"fr_FR\" \/>\n<meta property=\"og:type\" content=\"article\" \/>\n<meta property=\"og:title\" content=\"Global Truck &amp; Semi Trailer Manufacturer Partnership - Global Heavy Truck Trailer Solutions\" \/>\n<meta property=\"og:description\" content=\"Apply to become a sales agent of Shandong Global Diamond, a leading truck and semi trailer manufacturer. Join our global dealer network and grow your business with factory-direct support, competitive pricing, and full marketing assistance.\" \/>\n<meta property=\"og:url\" content=\"https:\/\/www.gdtrailer.com\/fr\/agent-application\/\" \/>\n<meta property=\"og:site_name\" content=\"Global Heavy Truck Trailer Solutions\" \/>\n<meta property=\"article:publisher\" content=\"https:\/\/www.facebook.com\/gdtrailer\" \/>\n<meta property=\"article:modified_time\" content=\"2026-02-06T02:35:49+00:00\" \/>\n<meta property=\"og:image\" content=\"https:\/\/www.gdtrailer.com\/wp-content\/uploads\/2026\/02\/Global-Diamond-Heavy-Duty-Trucks-for-Global-Transport.webp\" \/>\n\t<meta property=\"og:image:width\" content=\"2000\" \/>\n\t<meta property=\"og:image:height\" content=\"500\" \/>\n\t<meta property=\"og:image:type\" content=\"image\/webp\" \/>\n<meta name=\"twitter:card\" content=\"summary_large_image\" \/>\n<meta name=\"twitter:label1\" content=\"Est. reading time\" \/>\n\t<meta name=\"twitter:data1\" content=\"3 minutes\" \/>\n<script type=\"application\/ld+json\" class=\"yoast-schema-graph\">{\"@context\":\"https:\/\/schema.org\",\"@graph\":[{\"@type\":\"WebPage\",\"@id\":\"https:\/\/www.gdtrailer.com\/agent-application\/\",\"url\":\"https:\/\/www.gdtrailer.com\/agent-application\/\",\"name\":\"Global Truck & Semi Trailer Manufacturer Partnership - Global Heavy Truck Trailer Solutions\",\"isPartOf\":{\"@id\":\"https:\/\/www.gdtrailer.com\/#website\"},\"datePublished\":\"2025-03-12T02:18:08+00:00\",\"dateModified\":\"2026-02-06T02:35:49+00:00\",\"description\":\"Apply to become a sales agent of Shandong Global Diamond, a leading truck and semi trailer manufacturer. Join our global dealer network and grow your business with factory-direct support, competitive pricing, and full marketing assistance.\",\"breadcrumb\":{\"@id\":\"https:\/\/www.gdtrailer.com\/agent-application\/#breadcrumb\"},\"inLanguage\":\"fr-FR\",\"potentialAction\":[{\"@type\":\"ReadAction\",\"target\":[\"https:\/\/www.gdtrailer.com\/agent-application\/\"]}]},{\"@type\":\"BreadcrumbList\",\"@id\":\"https:\/\/www.gdtrailer.com\/agent-application\/#breadcrumb\",\"itemListElement\":[{\"@type\":\"ListItem\",\"position\":1,\"name\":\"Home\",\"item\":\"https:\/\/www.gdtrailer.com\/\"},{\"@type\":\"ListItem\",\"position\":2,\"name\":\"Agent Application\"}]},{\"@type\":\"WebSite\",\"@id\":\"https:\/\/www.gdtrailer.com\/#website\",\"url\":\"https:\/\/www.gdtrailer.com\/\",\"name\":\"Global Heavy Truck Trailer Solutions\",\"description\":\"Global Heavy Truck Trailer Solutions\",\"publisher\":{\"@id\":\"https:\/\/www.gdtrailer.com\/#organization\"},\"potentialAction\":[{\"@type\":\"SearchAction\",\"target\":{\"@type\":\"EntryPoint\",\"urlTemplate\":\"https:\/\/www.gdtrailer.com\/?s={search_term_string}\"},\"query-input\":{\"@type\":\"PropertyValueSpecification\",\"valueRequired\":true,\"valueName\":\"search_term_string\"}}],\"inLanguage\":\"fr-FR\"},{\"@type\":\"Organization\",\"@id\":\"https:\/\/www.gdtrailer.com\/#organization\",\"name\":\"Shandong Global Diamond Automobile Technology Co., Ltd\",\"url\":\"https:\/\/www.gdtrailer.com\/\",\"logo\":{\"@type\":\"ImageObject\",\"inLanguage\":\"fr-FR\",\"@id\":\"https:\/\/www.gdtrailer.com\/#\/schema\/logo\/image\/\",\"url\":\"https:\/\/www.gdtrailer.com\/wp-content\/uploads\/2026\/02\/Global-Diamond-Heavy-Duty-Trucks-for-Global-Transport.webp\",\"contentUrl\":\"https:\/\/www.gdtrailer.com\/wp-content\/uploads\/2026\/02\/Global-Diamond-Heavy-Duty-Trucks-for-Global-Transport.webp\",\"width\":2000,\"height\":500,\"caption\":\"Shandong Global Diamond Automobile Technology Co., Ltd\"},\"image\":{\"@id\":\"https:\/\/www.gdtrailer.com\/#\/schema\/logo\/image\/\"},\"sameAs\":[\"https:\/\/www.facebook.com\/gdtrailer\",\"https:\/\/www.youtube.com\/@gdtrailer\"]}]}<\/script>\n<!-- \/ Yoast SEO plugin. -->","yoast_head_json":{"title":"Global Truck & Semi Trailer Manufacturer Partnership - Global Heavy Truck Trailer Solutions","description":"Apply to become a sales agent of Shandong Global Diamond, a leading truck and semi trailer manufacturer. Join our global dealer network and grow your business with factory-direct support, competitive pricing, and full marketing assistance.","robots":{"index":"index","follow":"follow","max-snippet":"max-snippet:-1","max-image-preview":"max-image-preview:large","max-video-preview":"max-video-preview:-1"},"canonical":"https:\/\/www.gdtrailer.com\/fr\/agent-application\/","og_locale":"fr_FR","og_type":"article","og_title":"Global Truck & Semi Trailer Manufacturer Partnership - Global Heavy Truck Trailer Solutions","og_description":"Apply to become a sales agent of Shandong Global Diamond, a leading truck and semi trailer manufacturer. Join our global dealer network and grow your business with factory-direct support, competitive pricing, and full marketing assistance.","og_url":"https:\/\/www.gdtrailer.com\/fr\/agent-application\/","og_site_name":"Global Heavy Truck Trailer Solutions","article_publisher":"https:\/\/www.facebook.com\/gdtrailer","article_modified_time":"2026-02-06T02:35:49+00:00","og_image":[{"width":2000,"height":500,"url":"https:\/\/www.gdtrailer.com\/wp-content\/uploads\/2026\/02\/Global-Diamond-Heavy-Duty-Trucks-for-Global-Transport.webp","type":"image\/webp"}],"twitter_card":"summary_large_image","twitter_misc":{"Est. reading time":"3 minutes"},"schema":{"@context":"https:\/\/schema.org","@graph":[{"@type":"WebPage","@id":"https:\/\/www.gdtrailer.com\/agent-application\/","url":"https:\/\/www.gdtrailer.com\/agent-application\/","name":"Global Truck & Semi Trailer Manufacturer Partnership - Global Heavy Truck Trailer Solutions","isPartOf":{"@id":"https:\/\/www.gdtrailer.com\/#website"},"datePublished":"2025-03-12T02:18:08+00:00","dateModified":"2026-02-06T02:35:49+00:00","description":"Apply to become a sales agent of Shandong Global Diamond, a leading truck and semi trailer manufacturer. Join our global dealer network and grow your business with factory-direct support, competitive pricing, and full marketing assistance.","breadcrumb":{"@id":"https:\/\/www.gdtrailer.com\/agent-application\/#breadcrumb"},"inLanguage":"fr-FR","potentialAction":[{"@type":"ReadAction","target":["https:\/\/www.gdtrailer.com\/agent-application\/"]}]},{"@type":"BreadcrumbList","@id":"https:\/\/www.gdtrailer.com\/agent-application\/#breadcrumb","itemListElement":[{"@type":"ListItem","position":1,"name":"Home","item":"https:\/\/www.gdtrailer.com\/"},{"@type":"ListItem","position":2,"name":"Agent Application"}]},{"@type":"WebSite","@id":"https:\/\/www.gdtrailer.com\/#website","url":"https:\/\/www.gdtrailer.com\/","name":"Global Heavy Truck Trailer Solutions","description":"Global Heavy Truck Trailer Solutions","publisher":{"@id":"https:\/\/www.gdtrailer.com\/#organization"},"potentialAction":[{"@type":"SearchAction","target":{"@type":"EntryPoint","urlTemplate":"https:\/\/www.gdtrailer.com\/?s={search_term_string}"},"query-input":{"@type":"PropertyValueSpecification","valueRequired":true,"valueName":"search_term_string"}}],"inLanguage":"fr-FR"},{"@type":"Organization","@id":"https:\/\/www.gdtrailer.com\/#organization","name":"Shandong Global Diamond Automobile Technology Co., Ltd","url":"https:\/\/www.gdtrailer.com\/","logo":{"@type":"ImageObject","inLanguage":"fr-FR","@id":"https:\/\/www.gdtrailer.com\/#\/schema\/logo\/image\/","url":"https:\/\/www.gdtrailer.com\/wp-content\/uploads\/2026\/02\/Global-Diamond-Heavy-Duty-Trucks-for-Global-Transport.webp","contentUrl":"https:\/\/www.gdtrailer.com\/wp-content\/uploads\/2026\/02\/Global-Diamond-Heavy-Duty-Trucks-for-Global-Transport.webp","width":2000,"height":500,"caption":"Shandong Global Diamond Automobile Technology Co., Ltd"},"image":{"@id":"https:\/\/www.gdtrailer.com\/#\/schema\/logo\/image\/"},"sameAs":["https:\/\/www.facebook.com\/gdtrailer","https:\/\/www.youtube.com\/@gdtrailer"]}]}},"_links":{"self":[{"href":"https:\/\/www.gdtrailer.com\/fr\/wp-json\/wp\/v2\/pages\/976","targetHints":{"allow":["GET"]}}],"collection":[{"href":"https:\/\/www.gdtrailer.com\/fr\/wp-json\/wp\/v2\/pages"}],"about":[{"href":"https:\/\/www.gdtrailer.com\/fr\/wp-json\/wp\/v2\/types\/page"}],"author":[{"embeddable":true,"href":"https:\/\/www.gdtrailer.com\/fr\/wp-json\/wp\/v2\/users\/1"}],"replies":[{"embeddable":true,"href":"https:\/\/www.gdtrailer.com\/fr\/wp-json\/wp\/v2\/comments?post=976"}],"version-history":[{"count":173,"href":"https:\/\/www.gdtrailer.com\/fr\/wp-json\/wp\/v2\/pages\/976\/revisions"}],"predecessor-version":[{"id":8703,"href":"https:\/\/www.gdtrailer.com\/fr\/wp-json\/wp\/v2\/pages\/976\/revisions\/8703"}],"wp:attachment":[{"href":"https:\/\/www.gdtrailer.com\/fr\/wp-json\/wp\/v2\/media?parent=976"}],"curies":[{"name":"wp","href":"https:\/\/api.w.org\/{rel}","templated":true}]}}