{"id":37,"date":"2025-02-07T01:55:43","date_gmt":"2025-02-07T01:55:43","guid":{"rendered":"https:\/\/www.tlheatpress.com:8182\/?page_id=37"},"modified":"2026-01-29T06:47:54","modified_gmt":"2026-01-29T06:47:54","slug":"contact-us","status":"publish","type":"page","link":"https:\/\/www.gdtrailer.com\/fr\/contact-us\/","title":{"rendered":"Contact"},"content":{"rendered":"<div class=\"path-bar\">\n        <div class=\"layout\">\n            <ul class=\"path-nav\">\n                <li><a href=\"\/\">Accueil<\/a><\/li>\n                <!--\u9762\u5305\u5c51-->\n               <li><a href=\"\">Nous contacter<\/a><\/li>\n            <\/ul>\n        <\/div>\n    <\/div>\n\n\n\n<h1 class=\"wp-block-heading has-text-align-center layout h20 mb3\" style=\"font-size:30px\">Nous contacter<\/h1>\n\n\n\n<div class=\"wp-block-columns layout mb2 flexMobile is-layout-flex wp-container-core-columns-is-layout-1 wp-block-columns-is-layout-flex\">\n<div class=\"wp-block-column is-layout-flow wp-block-column-is-layout-flow\"><div class=\"wp-block-image mb2\">\n<figure class=\"aligncenter size-full is-resized\"><img loading=\"lazy\" decoding=\"async\" width=\"200\" height=\"200\" src=\"https:\/\/www.gdtrailer.com\/wp-content\/uploads\/2025\/12\/dadao-email-logo.png\" alt=\"logo dadao email\" class=\"wp-image-7667\" style=\"aspect-ratio:1;width:60px;height:auto\" srcset=\"https:\/\/www.gdtrailer.com\/wp-content\/uploads\/2025\/12\/dadao-email-logo.png 200w, https:\/\/www.gdtrailer.com\/wp-content\/uploads\/2025\/12\/dadao-email-logo-150x150.png 150w, https:\/\/www.gdtrailer.com\/wp-content\/uploads\/2025\/12\/dadao-email-logo-12x12.png 12w\" sizes=\"auto, (max-width: 200px) 100vw, 200px\" \/><\/figure><\/div>\n\n\n<h2 class=\"wp-block-heading has-text-align-center mb2\">Courriel<\/h2>\n\n\n\n<p class=\"has-text-align-center has-text-color has-link-color wp-elements-4d715588aa03ccb90ea94ac4f423bb0b\" style=\"color:#e30613\"><a href=\"mailto: sales@gdtrailer.com\"><\/a><a href=\"mailto:sales@gdtrailer.com\">sales@gdtrailer.com<\/a><\/p>\n<\/div>\n\n\n\n<div class=\"wp-block-column is-layout-flow wp-block-column-is-layout-flow\"><div class=\"wp-block-image mb2\">\n<figure class=\"aligncenter size-full is-resized\"><img loading=\"lazy\" decoding=\"async\" width=\"200\" height=\"200\" src=\"https:\/\/www.gdtrailer.com\/wp-content\/uploads\/2025\/12\/ddadao-whatsapp-logo.png\" alt=\"ddadao whatsapp logo\" class=\"wp-image-7666\" style=\"width:60px\" srcset=\"https:\/\/www.gdtrailer.com\/wp-content\/uploads\/2025\/12\/ddadao-whatsapp-logo.png 200w, https:\/\/www.gdtrailer.com\/wp-content\/uploads\/2025\/12\/ddadao-whatsapp-logo-150x150.png 150w, https:\/\/www.gdtrailer.com\/wp-content\/uploads\/2025\/12\/ddadao-whatsapp-logo-12x12.png 12w\" sizes=\"auto, (max-width: 200px) 100vw, 200px\" \/><\/figure><\/div>\n\n\n<h2 class=\"wp-block-heading has-text-align-center mb2\">WhatsApp<\/h2>\n\n\n\n<p class=\"has-text-align-center has-text-color has-link-color wp-elements-bcf6aef61cdc6d259dd9b2570160fd17\" style=\"color:#e30613\"><a href=\"https:\/\/wa.me\/8613001709929\" target=\"_blank\" rel=\"noreferrer noopener\">+86 <\/a><a class=\"\" href=\"https:\/\/wa.me\/8613001709929\" target=\"_blank\" rel=\"noreferrer noopener\">13001709929<\/a><\/p>\n<\/div>\n\n\n\n<div class=\"wp-block-column is-layout-flow wp-block-column-is-layout-flow\"><div class=\"wp-block-image mb2\">\n<figure class=\"aligncenter size-full is-resized\"><img loading=\"lazy\" decoding=\"async\" width=\"200\" height=\"200\" src=\"https:\/\/www.gdtrailer.com\/wp-content\/uploads\/2025\/12\/dadao-phone-logo.png\" alt=\"logo du t\u00e9l\u00e9phone dadao\" class=\"wp-image-7669\" style=\"width:60px\" srcset=\"https:\/\/www.gdtrailer.com\/wp-content\/uploads\/2025\/12\/dadao-phone-logo.png 200w, https:\/\/www.gdtrailer.com\/wp-content\/uploads\/2025\/12\/dadao-phone-logo-150x150.png 150w, https:\/\/www.gdtrailer.com\/wp-content\/uploads\/2025\/12\/dadao-phone-logo-12x12.png 12w\" sizes=\"auto, (max-width: 200px) 100vw, 200px\" \/><\/figure><\/div>\n\n\n<h2 class=\"wp-block-heading has-text-align-center mb2\">T\u00e9l\u00e9phone<\/h2>\n\n\n\n<p class=\"has-text-align-center has-text-color has-link-color wp-elements-53d39e79fb43e2429bfd5a179fa807a0\" style=\"color:#e30613\"><a href=\"tel:8613001709929\" target=\"_blank\" rel=\"noreferrer noopener\">+86 13001709929<\/a><\/p>\n<\/div>\n\n\n\n<div class=\"wp-block-column is-layout-flow wp-block-column-is-layout-flow\"><div class=\"wp-block-image mb2\">\n<figure class=\"aligncenter size-full is-resized\"><img loading=\"lazy\" decoding=\"async\" width=\"150\" height=\"150\" src=\"https:\/\/www.gdtrailer.com\/wp-content\/uploads\/2025\/12\/dadao-address-logo.png\" alt=\"logo de l&#039;adresse dadao\" class=\"wp-image-7668\" style=\"width:60px\" srcset=\"https:\/\/www.gdtrailer.com\/wp-content\/uploads\/2025\/12\/dadao-address-logo.png 150w, https:\/\/www.gdtrailer.com\/wp-content\/uploads\/2025\/12\/dadao-address-logo-12x12.png 12w\" sizes=\"auto, (max-width: 150px) 100vw, 150px\" \/><\/figure><\/div>\n\n\n<h2 class=\"wp-block-heading has-text-align-center mb2\">Adresse<\/h2>\n\n\n\n<p class=\"has-text-align-center\">Room 1006, Building A, Country Garden Phoenix Center, High-tech Zone, Jinan City, Shandong Province, China<\/p>\n<\/div>\n<\/div>\n\n\n\n<div class=\"wp-block-columns layout bt is-layout-flex wp-container-core-columns-is-layout-2 wp-block-columns-is-layout-flex\">\n<div class=\"wp-block-column is-layout-flow wp-block-column-is-layout-flow\">\n    <div class=\"header_inquiry\"\n         style=\"display: flex; align-items: center; justify-content: center; height: 64vh; background-color: #f1f4f6; width: 100%;\">\n        <div id=\"header_inquiry-form\"\n             style=\"border:1px solid #bfbfbf; padding: 2em; padding-top:2.625em;width: 84%; background-color: #fff;\">\n            <div style=\"background-color: transparent; color: #000; margin-bottom: 2em; text-align: center;\">\n                <h2 style=\"margin: 0; color: #000;\">Laissez votre message<\/h2>\n            <\/div>\n             <form id=\"header_inquiry-form-content\" action=\"#\" method=\"post\" style=\"color: #666;\" data-trp-original-action=\"#\">\n                <input type=\"text\" name=\"title\" id=\"name\" placeholder=\"*Nom...\" required\n style=\"width: 100%; padding: 1em; margin-bottom: 1em; box-sizing: border-box;\">\n                <input type=\"email\" name=\"email\" id=\"email\"\n                       placeholder=\"*Email (Nous vous r\u00e9pondrons par email dans les 24 heures)\" required\n style=\"width: 100%; padding: 1em; margin-bottom: 1em; box-sizing: border-box;\">\n                <input type=\"text\" name=\"telephone\" id=\"phone\" placeholder=\"*T\u00e9l\u00e9phone\/WhatsApp\/WeChat (tr\u00e8s important)\"\n                       pattern=\".*\\S.*\" required style=\"width: 100%; padding: 1em; margin-bottom: 1em; box-sizing: border-box;\">\n                <textarea name=\"message\" id=\"details\" rows=\"4\"\n                          placeholder=\"Entrez les d\u00e9tails de l&#039;en-t\u00eate tels que la taille, la couleur, les mat\u00e9riaux, etc. et d&#039;autres exigences sp\u00e9cifiques pour recevoir un devis pr\u00e9cis.\"\n                          style=\"width: 100%; padding: 1em; margin-bottom: 1em; box-sizing: border-box;\"><\/textarea>\n                <button id=\"send_form\" type=\"submit\"\n                        style=\"background-color: #e30613!important; color: #fff; padding: 1em 1.5em; border: none; border-radius: 3px; cursor: pointer; width: 100%;\">\n                    Envoyer\n                <\/button>\n            <input type=\"hidden\" name=\"trp-form-language\" value=\"fr\"\/><\/form>\n        <\/div>\n    <\/div>\n    \n<\/div>\n<\/div>\n\n\n\n<style>\n.mb3{\nmargin-bottom:3%\n}\n.mb2{\nmargin-bottom:2%\n}\n\n.sh{\nmargin-top:30px\n\n}\n.bt{\npadding-bottom:50px\n\n}\n.fimg img{\n   width:100%\n}\n<\/style>\n\n\n\n<style>\n@media screen and (max-width:981px){\n#icon-contact .ic-list li {\n   \n    width: 50%;\n    float: left;\n}\n.h20{\nfont-size:20px!important\n}\n.ic-list h2{\nfont-size:18px\n}\nbody .main_content .flexMobile .wp-block-column {\n        flex-basis: 48% !important;\n       flex-grow: inherit!important;\n}\nbody .main_content .flexMobile{\ngap:10px!important\n}\nbody .main_content .flexMobile p{\nfont-size:15px!important\n\n}\n\n\n}\n<\/style>","protected":false},"excerpt":{"rendered":"<p>Accueil Nous contacter Nous contacter Email sales@gdtrailer.com WhatsApp +86 13001709929 T\u00e9l\u00e9phone +86 13001709929 Adresse Room 1006, Building A, Country Garden Phoenix Center, High-tech Zone, Jinan City, Shandong Province, China<\/p>","protected":false},"author":1,"featured_media":0,"parent":0,"menu_order":0,"comment_status":"closed","ping_status":"closed","template":"","meta":{"footnotes":""},"class_list":["post-37","page","type-page","status-publish","hentry"],"yoast_head":"<!-- This site is optimized with the Yoast SEO plugin v26.6 - https:\/\/yoast.com\/wordpress\/plugins\/seo\/ -->\n<title>Global Truck, Trailer &amp; Construction Equipment Support - Global Heavy Truck Trailer Solutions<\/title>\n<meta name=\"description\" content=\"Get in touch with Shandong Global Diamond for expert support on truck, semi trailer, and construction machinery solutions. Our team is ready to assist with inquiries, quotes, and partnership opportunities.\" \/>\n<meta name=\"robots\" content=\"index, follow, max-snippet:-1, max-image-preview:large, max-video-preview:-1\" \/>\n<link rel=\"canonical\" href=\"https:\/\/www.gdtrailer.com\/fr\/contact-us\/\" \/>\n<meta property=\"og:locale\" content=\"fr_FR\" \/>\n<meta property=\"og:type\" content=\"article\" \/>\n<meta property=\"og:title\" content=\"Global Truck, Trailer &amp; Construction Equipment Support - Global Heavy Truck Trailer Solutions\" \/>\n<meta property=\"og:description\" content=\"Get in touch with Shandong Global Diamond for expert support on truck, semi trailer, and construction machinery solutions. Our team is ready to assist with inquiries, quotes, and partnership opportunities.\" \/>\n<meta property=\"og:url\" content=\"https:\/\/www.gdtrailer.com\/fr\/contact-us\/\" \/>\n<meta property=\"og:site_name\" content=\"Global Heavy Truck Trailer Solutions\" \/>\n<meta property=\"article:publisher\" content=\"https:\/\/www.facebook.com\/gdtrailer\" \/>\n<meta property=\"article:modified_time\" content=\"2026-01-29T06:47:54+00:00\" \/>\n<meta property=\"og:image\" content=\"https:\/\/www.gdtrailer.com\/wp-content\/uploads\/2025\/12\/dadao-email-logo.png\" \/>\n\t<meta property=\"og:image:width\" content=\"200\" \/>\n\t<meta property=\"og:image:height\" content=\"200\" \/>\n\t<meta property=\"og:image:type\" content=\"image\/png\" \/>\n<meta name=\"twitter:card\" content=\"summary_large_image\" \/>\n<meta name=\"twitter:label1\" content=\"Est. reading time\" \/>\n\t<meta name=\"twitter:data1\" content=\"1 minute\" \/>\n<script type=\"application\/ld+json\" class=\"yoast-schema-graph\">{\"@context\":\"https:\/\/schema.org\",\"@graph\":[{\"@type\":\"WebPage\",\"@id\":\"https:\/\/www.gdtrailer.com\/contact-us\/\",\"url\":\"https:\/\/www.gdtrailer.com\/contact-us\/\",\"name\":\"Global Truck, Trailer & Construction Equipment Support - Global Heavy Truck Trailer Solutions\",\"isPartOf\":{\"@id\":\"https:\/\/www.gdtrailer.com\/#website\"},\"primaryImageOfPage\":{\"@id\":\"https:\/\/www.gdtrailer.com\/contact-us\/#primaryimage\"},\"image\":{\"@id\":\"https:\/\/www.gdtrailer.com\/contact-us\/#primaryimage\"},\"thumbnailUrl\":\"https:\/\/www.gdtrailer.com\/wp-content\/uploads\/2025\/12\/dadao-email-logo.png\",\"datePublished\":\"2025-02-07T01:55:43+00:00\",\"dateModified\":\"2026-01-29T06:47:54+00:00\",\"description\":\"Get in touch with Shandong Global Diamond for expert support on truck, semi trailer, and construction machinery solutions. Our team is ready to assist with inquiries, quotes, and partnership opportunities.\",\"breadcrumb\":{\"@id\":\"https:\/\/www.gdtrailer.com\/contact-us\/#breadcrumb\"},\"inLanguage\":\"fr-FR\",\"potentialAction\":[{\"@type\":\"ReadAction\",\"target\":[\"https:\/\/www.gdtrailer.com\/contact-us\/\"]}]},{\"@type\":\"ImageObject\",\"inLanguage\":\"fr-FR\",\"@id\":\"https:\/\/www.gdtrailer.com\/contact-us\/#primaryimage\",\"url\":\"https:\/\/www.gdtrailer.com\/wp-content\/uploads\/2025\/12\/dadao-email-logo.png\",\"contentUrl\":\"https:\/\/www.gdtrailer.com\/wp-content\/uploads\/2025\/12\/dadao-email-logo.png\"},{\"@type\":\"BreadcrumbList\",\"@id\":\"https:\/\/www.gdtrailer.com\/contact-us\/#breadcrumb\",\"itemListElement\":[{\"@type\":\"ListItem\",\"position\":1,\"name\":\"Home\",\"item\":\"https:\/\/www.gdtrailer.com\/\"},{\"@type\":\"ListItem\",\"position\":2,\"name\":\"Contact\"}]},{\"@type\":\"WebSite\",\"@id\":\"https:\/\/www.gdtrailer.com\/#website\",\"url\":\"https:\/\/www.gdtrailer.com\/\",\"name\":\"Global Heavy Truck Trailer Solutions\",\"description\":\"Global Heavy Truck Trailer Solutions\",\"publisher\":{\"@id\":\"https:\/\/www.gdtrailer.com\/#organization\"},\"potentialAction\":[{\"@type\":\"SearchAction\",\"target\":{\"@type\":\"EntryPoint\",\"urlTemplate\":\"https:\/\/www.gdtrailer.com\/?s={search_term_string}\"},\"query-input\":{\"@type\":\"PropertyValueSpecification\",\"valueRequired\":true,\"valueName\":\"search_term_string\"}}],\"inLanguage\":\"fr-FR\"},{\"@type\":\"Organization\",\"@id\":\"https:\/\/www.gdtrailer.com\/#organization\",\"name\":\"Shandong Global Diamond Automobile Technology Co., Ltd\",\"url\":\"https:\/\/www.gdtrailer.com\/\",\"logo\":{\"@type\":\"ImageObject\",\"inLanguage\":\"fr-FR\",\"@id\":\"https:\/\/www.gdtrailer.com\/#\/schema\/logo\/image\/\",\"url\":\"https:\/\/www.gdtrailer.com\/wp-content\/uploads\/2026\/02\/Global-Diamond-Heavy-Duty-Trucks-for-Global-Transport.webp\",\"contentUrl\":\"https:\/\/www.gdtrailer.com\/wp-content\/uploads\/2026\/02\/Global-Diamond-Heavy-Duty-Trucks-for-Global-Transport.webp\",\"width\":2000,\"height\":500,\"caption\":\"Shandong Global Diamond Automobile Technology Co., Ltd\"},\"image\":{\"@id\":\"https:\/\/www.gdtrailer.com\/#\/schema\/logo\/image\/\"},\"sameAs\":[\"https:\/\/www.facebook.com\/gdtrailer\",\"https:\/\/www.youtube.com\/@gdtrailer\"]}]}<\/script>\n<!-- \/ Yoast SEO plugin. -->","yoast_head_json":{"title":"Global Truck, Trailer & Construction Equipment Support - Global Heavy Truck Trailer Solutions","description":"Get in touch with Shandong Global Diamond for expert support on truck, semi trailer, and construction machinery solutions. Our team is ready to assist with inquiries, quotes, and partnership opportunities.","robots":{"index":"index","follow":"follow","max-snippet":"max-snippet:-1","max-image-preview":"max-image-preview:large","max-video-preview":"max-video-preview:-1"},"canonical":"https:\/\/www.gdtrailer.com\/fr\/contact-us\/","og_locale":"fr_FR","og_type":"article","og_title":"Global Truck, Trailer & Construction Equipment Support - Global Heavy Truck Trailer Solutions","og_description":"Get in touch with Shandong Global Diamond for expert support on truck, semi trailer, and construction machinery solutions. Our team is ready to assist with inquiries, quotes, and partnership opportunities.","og_url":"https:\/\/www.gdtrailer.com\/fr\/contact-us\/","og_site_name":"Global Heavy Truck Trailer Solutions","article_publisher":"https:\/\/www.facebook.com\/gdtrailer","article_modified_time":"2026-01-29T06:47:54+00:00","og_image":[{"width":200,"height":200,"url":"https:\/\/www.gdtrailer.com\/wp-content\/uploads\/2025\/12\/dadao-email-logo.png","type":"image\/png"}],"twitter_card":"summary_large_image","twitter_misc":{"Est. reading time":"1 minute"},"schema":{"@context":"https:\/\/schema.org","@graph":[{"@type":"WebPage","@id":"https:\/\/www.gdtrailer.com\/contact-us\/","url":"https:\/\/www.gdtrailer.com\/contact-us\/","name":"Global Truck, Trailer & Construction Equipment Support - Global Heavy Truck Trailer Solutions","isPartOf":{"@id":"https:\/\/www.gdtrailer.com\/#website"},"primaryImageOfPage":{"@id":"https:\/\/www.gdtrailer.com\/contact-us\/#primaryimage"},"image":{"@id":"https:\/\/www.gdtrailer.com\/contact-us\/#primaryimage"},"thumbnailUrl":"https:\/\/www.gdtrailer.com\/wp-content\/uploads\/2025\/12\/dadao-email-logo.png","datePublished":"2025-02-07T01:55:43+00:00","dateModified":"2026-01-29T06:47:54+00:00","description":"Get in touch with Shandong Global Diamond for expert support on truck, semi trailer, and construction machinery solutions. Our team is ready to assist with inquiries, quotes, and partnership opportunities.","breadcrumb":{"@id":"https:\/\/www.gdtrailer.com\/contact-us\/#breadcrumb"},"inLanguage":"fr-FR","potentialAction":[{"@type":"ReadAction","target":["https:\/\/www.gdtrailer.com\/contact-us\/"]}]},{"@type":"ImageObject","inLanguage":"fr-FR","@id":"https:\/\/www.gdtrailer.com\/contact-us\/#primaryimage","url":"https:\/\/www.gdtrailer.com\/wp-content\/uploads\/2025\/12\/dadao-email-logo.png","contentUrl":"https:\/\/www.gdtrailer.com\/wp-content\/uploads\/2025\/12\/dadao-email-logo.png"},{"@type":"BreadcrumbList","@id":"https:\/\/www.gdtrailer.com\/contact-us\/#breadcrumb","itemListElement":[{"@type":"ListItem","position":1,"name":"Home","item":"https:\/\/www.gdtrailer.com\/"},{"@type":"ListItem","position":2,"name":"Contact"}]},{"@type":"WebSite","@id":"https:\/\/www.gdtrailer.com\/#website","url":"https:\/\/www.gdtrailer.com\/","name":"Global Heavy Truck Trailer Solutions","description":"Global Heavy Truck Trailer Solutions","publisher":{"@id":"https:\/\/www.gdtrailer.com\/#organization"},"potentialAction":[{"@type":"SearchAction","target":{"@type":"EntryPoint","urlTemplate":"https:\/\/www.gdtrailer.com\/?s={search_term_string}"},"query-input":{"@type":"PropertyValueSpecification","valueRequired":true,"valueName":"search_term_string"}}],"inLanguage":"fr-FR"},{"@type":"Organization","@id":"https:\/\/www.gdtrailer.com\/#organization","name":"Shandong Global Diamond Automobile Technology Co., Ltd","url":"https:\/\/www.gdtrailer.com\/","logo":{"@type":"ImageObject","inLanguage":"fr-FR","@id":"https:\/\/www.gdtrailer.com\/#\/schema\/logo\/image\/","url":"https:\/\/www.gdtrailer.com\/wp-content\/uploads\/2026\/02\/Global-Diamond-Heavy-Duty-Trucks-for-Global-Transport.webp","contentUrl":"https:\/\/www.gdtrailer.com\/wp-content\/uploads\/2026\/02\/Global-Diamond-Heavy-Duty-Trucks-for-Global-Transport.webp","width":2000,"height":500,"caption":"Shandong Global Diamond Automobile Technology Co., Ltd"},"image":{"@id":"https:\/\/www.gdtrailer.com\/#\/schema\/logo\/image\/"},"sameAs":["https:\/\/www.facebook.com\/gdtrailer","https:\/\/www.youtube.com\/@gdtrailer"]}]}},"_links":{"self":[{"href":"https:\/\/www.gdtrailer.com\/fr\/wp-json\/wp\/v2\/pages\/37","targetHints":{"allow":["GET"]}}],"collection":[{"href":"https:\/\/www.gdtrailer.com\/fr\/wp-json\/wp\/v2\/pages"}],"about":[{"href":"https:\/\/www.gdtrailer.com\/fr\/wp-json\/wp\/v2\/types\/page"}],"author":[{"embeddable":true,"href":"https:\/\/www.gdtrailer.com\/fr\/wp-json\/wp\/v2\/users\/1"}],"replies":[{"embeddable":true,"href":"https:\/\/www.gdtrailer.com\/fr\/wp-json\/wp\/v2\/comments?post=37"}],"version-history":[{"count":120,"href":"https:\/\/www.gdtrailer.com\/fr\/wp-json\/wp\/v2\/pages\/37\/revisions"}],"predecessor-version":[{"id":8344,"href":"https:\/\/www.gdtrailer.com\/fr\/wp-json\/wp\/v2\/pages\/37\/revisions\/8344"}],"wp:attachment":[{"href":"https:\/\/www.gdtrailer.com\/fr\/wp-json\/wp\/v2\/media?parent=37"}],"curies":[{"name":"wp","href":"https:\/\/api.w.org\/{rel}","templated":true}]}}