{"id":976,"date":"2025-03-12T02:18:08","date_gmt":"2025-03-12T02:18:08","guid":{"rendered":"https:\/\/www.tlheatpress.com:8182\/?page_id=976"},"modified":"2026-02-06T02:35:49","modified_gmt":"2026-02-06T02:35:49","slug":"agent-application","status":"publish","type":"page","link":"https:\/\/www.gdtrailer.com\/es\/agent-application\/","title":{"rendered":"Solicitud de agente"},"content":{"rendered":"<div class=\"path-bar\">\n        <div class=\"layout\" style=\"margin:0 auto\">\n            <ul class=\"path-nav\">\n                <li><a href=\"\/\">Inicio<\/a><\/li>\n                <!--\u9762\u5305\u5c51-->\n               <li><a href=\"\">Solicitud de agente<\/a><\/li>\n            <\/ul>\n        <\/div>\n    <\/div>\n\n\n\n<h1 class=\"wp-block-heading has-text-align-center sh h20 layout ch mb2\" style=\"font-size:30px\"><strong>Convi\u00e9rtase en concesionario y distribuidor autorizado de Heavy Machinery<\/strong><\/h1>\n\n\n\n<p class=\"has-text-align-center layout mb2\">Solicite convertirse en distribuidor autorizado de camiones, semirremolques, maquinaria pesada y equipos de construcci\u00f3n. Precios competitivos, pol\u00edtica de protecci\u00f3n regional, apoyo comercial y servicio posventa completo.<\/p>\n\n\n\n<div class=\"wp-block-buttons mb3 is-content-justification-center is-layout-flex wp-container-core-buttons-is-layout-1 wp-block-buttons-is-layout-flex\">\n<div class=\"wp-block-button has-custom-font-size\" style=\"font-size:16px\"><a class=\"wp-block-button__link has-white-color has-text-color has-background has-link-color wp-element-button\" href=\"\/contact-us\/\" style=\"border-radius:2px;background-color:#e30613\"><strong>\u00danase hoy mismo a nuestra red mundial de distribuidores<\/strong><\/a><\/div>\n<\/div>\n\n\n\n<h2 class=\"wp-block-heading has-text-align-left layout h2t mb2 h20\" style=\"font-size:28px\"><strong>Nuestras ventajas - Lo que ofrecemos a nuestros concesionarios<\/strong><\/h2>\n\n\n\n<p class=\"layout mb2\">Convertirse en distribuidor autorizado de Shandong Global Diamond Automobile Technology Co., Ltd. significa asociarse con un fabricante dedicado a la calidad, la innovaci\u00f3n y la cooperaci\u00f3n a largo plazo. Nos comprometemos a ayudar a nuestros socios a lograr un crecimiento empresarial sostenible en sus mercados locales.<\/p>\n\n\n\n<div class=\"wp-block-columns layout outBorder mb3 is-layout-flex wp-container-core-columns-is-layout-1 wp-block-columns-is-layout-flex\">\n<div class=\"wp-block-column is-layout-flow wp-block-column-is-layout-flow\">\n<h3 class=\"wp-block-heading mb\">Precios competitivos y rentables<\/h3>\n\n\n\n<p class=\"mb2\">Ofrecemos precios directos de f\u00e1brica, pol\u00edticas de descuento flexibles y m\u00e1rgenes rentables para garantizar una fuerte competitividad en su mercado.<\/p>\n\n\n\n<h3 class=\"wp-block-heading mb\">\u25c6 Protecci\u00f3n regional exclusiva<\/h3>\n\n\n\n<p class=\"mb2\">Los concesionarios disfrutan de pol\u00edticas claras de autorizaci\u00f3n regional y protecci\u00f3n del mercado, lo que evita una competencia de precios innecesaria.<\/p>\n\n\n\n<h3 class=\"wp-block-heading mb\">\u25c6 Fuerte reputaci\u00f3n de marca<\/h3>\n\n\n\n<p class=\"mb2\">Nuestros productos se utilizan ampliamente en proyectos de construcci\u00f3n, miner\u00eda, transporte, log\u00edstica e infraestructuras, y gozan de la confianza de clientes de todo el mundo.<\/p>\n\n\n\n<h3 class=\"wp-block-heading mb\">\u25c6 Gama completa de productos<\/h3>\n\n\n\n<p class=\"mb\">Ofrecemos una cartera completa que incluye:<\/p>\n\n\n\n<ul class=\"wp-block-list ulDesc\">\n<li><a href=\"https:\/\/www.gdtrailer.com\/dump-truck-category\/\"><u>Cami\u00f3n volquete<\/u><\/a>&nbsp;y <a href=\"https:\/\/www.gdtrailer.com\/tractor-truck-category\"><u>cami\u00f3n tractor<\/u><\/a><\/li>\n\n\n\n<li><a href=\"https:\/\/www.gdtrailer.com\/low-flatbed-trailer-category\/\"><u>Semirremolques de plataforma baja<\/u><\/a>&nbsp;y remolques especiales<\/li>\n\n\n\n<li>Excavadoras, cargadoras, bulldozers, gr\u00faas y maquinaria vial<\/li>\n<\/ul>\n\n\n\n<p class=\"mb2\">Esto le permite satisfacer necesidades diversificadas de los clientes con un solo proveedor.<\/p>\n\n\n\n<h3 class=\"wp-block-heading mb\">\u25c6 Calidad fiable con certificaciones.<\/h3>\n\n\n\n<p class=\"mb2\">Normas de producci\u00f3n internacionales, estricto control de calidad, certificados CE\/DOT\/GCC disponibles seg\u00fan los requisitos del mercado.<\/p>\n\n\n\n<h3 class=\"wp-block-heading mb\">\u25c6 Entrega r\u00e1pida y suministro estable<\/h3>\n\n\n\n<p class=\"mb2\">La capacidad de producci\u00f3n a gran escala y una log\u00edstica eficaz garantizan el cumplimiento puntual de los pedidos y el suministro estable de existencias.<\/p>\n\n\n\n<h3 class=\"wp-block-heading mb\">\u25c6 Asistencia t\u00e9cnica profesional<\/h3>\n\n\n\n<p class=\"mb2\">Ofrecemos asesoramiento preventa, documentaci\u00f3n t\u00e9cnica, cat\u00e1logos de piezas y orientaci\u00f3n para la resoluci\u00f3n de problemas.<\/p>\n\n\n\n<h3 class=\"wp-block-heading mb\">\u25c6 S\u00f3lido servicio postventa<\/h3>\n\n\n\n<p class=\"mb2\">Sistema global de asistencia t\u00e9cnica, recursos de formaci\u00f3n y suministro de piezas de repuesto para garantizar el funcionamiento del producto a largo plazo.<\/p>\n\n\n\n<ul class=\"wp-block-list ulDesc\">\n<li>Camiones volquete y cabezas tractoras<\/li>\n\n\n\n<li>Semirremolques de plataforma baja y remolques especiales<\/li>\n\n\n\n<li><a href=\"https:\/\/www.gdtrailer.com\/excavator-category\"><u>Excavadoras<\/u><\/a>, <a href=\"https:\/\/www.gdtrailer.com\/loader-category\"><u>cargadores<\/u><\/a>, <a href=\"https:\/\/www.gdtrailer.com\/bulldozer-category\"><u>excavadoras<\/u><\/a>, <a href=\"https:\/\/www.gdtrailer.com\/crane-category\"><u>gr\u00faas<\/u><\/a>&nbsp;y maquinaria vial<\/li>\n<\/ul>\n<\/div>\n<\/div>\n\n\n\n<h2 class=\"wp-block-heading has-text-align-left layout h2t mb2 h20\" style=\"font-size:28px\"><strong>Recursos de apoyo: lo que le ofrecemos para ayudarle a crecer<\/strong><\/h2>\n\n\n\n<p class=\"layout mb2\">No nos limitamos a vender productos: le ayudamos a crear un negocio de \u00e9xito.<\/p>\n\n\n\n<div class=\"wp-block-columns layout outBorder mb3 is-layout-flex wp-container-core-columns-is-layout-2 wp-block-columns-is-layout-flex\">\n<div class=\"wp-block-column is-layout-flow wp-block-column-is-layout-flow\">\n<h3 class=\"wp-block-heading mb\">Paquete de material de marketing<\/h3>\n\n\n\n<ul class=\"wp-block-list mb2 ulDesc\">\n<li>Folletos y cat\u00e1logos de productos<\/li>\n\n\n\n<li>Fotos y v\u00eddeos de alta resoluci\u00f3n<\/li>\n\n\n\n<li>Plantillas de contenidos para redes sociales<\/li>\n\n\n\n<li>Textos publicitarios y p\u00e1ginas de destino<\/li>\n<\/ul>\n\n\n\n<h3 class=\"wp-block-heading mb\">\u25c6 Sistema de formaci\u00f3n y aprendizaje en l\u00ednea<\/h3>\n\n\n\n<ul class=\"wp-block-list mb2 ulDesc\">\n<li>Folletos y cat\u00e1logos de productos<\/li>\n\n\n\n<li>Formaci\u00f3n en t\u00e9cnicas de venta y negociaci\u00f3n&nbsp;<\/li>\n\n\n\n<li>Estrategias de desarrollo del mercado<\/li>\n\n\n\n<li>Asesoramiento posventa y mantenimiento&nbsp;<\/li>\n<\/ul>\n\n\n\n<h3 class=\"wp-block-heading mb\">\u25c6 Promociones de marketing conjuntas<\/h3>\n\n\n\n<ul class=\"wp-block-list mb2 ulDesc\">\n<li>Cooperaci\u00f3n publicitaria en l\u00ednea<\/li>\n\n\n\n<li>Apoyo a exposiciones y actos locales<\/li>\n\n\n\n<li>Campa\u00f1as de marketing de marca compartida<\/li>\n\n\n\n<li>Planificaci\u00f3n de la promoci\u00f3n estacional<\/li>\n<\/ul>\n\n\n\n<h3 class=\"wp-block-heading mb\">\u25c6 Pol\u00edtica de Lead Sharing<\/h3>\n\n\n\n<p class=\"mb2\">Las consultas de alta calidad de los clientes de su regi\u00f3n autorizada ser\u00e1n prioritarias para su empresa.&nbsp;<\/p>\n\n\n\n<h3 class=\"wp-block-heading mb\">\u25c6 Asistencia t\u00e9cnica y de piezas<\/h3>\n\n\n\n<ul class=\"wp-block-list mb2 ulDesc\">\n<li>Sistema de suministro de piezas de repuesto<\/li>\n\n\n\n<li>Manuales t\u00e9cnicos y diagramas&nbsp;<\/li>\n\n\n\n<li>Asistencia t\u00e9cnica en l\u00ednea<\/li>\n<\/ul>\n\n\n\n<h3 class=\"wp-block-heading mb\">\u25c6 Asistencia al desarrollo empresarial<\/h3>\n\n\n\n<ul class=\"wp-block-list mb2 ulDesc\">\n<li>An\u00e1lisis de mercado y sugerencias de desarrollo<\/li>\n\n\n\n<li>Orientaci\u00f3n sobre precios y apoyo a las licitaciones<\/li>\n\n\n\n<li>Campa\u00f1as de marketing de marca compartida<\/li>\n\n\n\n<li>Planificaci\u00f3n de estrategias de asociaci\u00f3n a largo plazo<\/li>\n<\/ul>\n<\/div>\n<\/div>\n\n\n\n<h2 class=\"wp-block-heading has-text-align-left layout h2t mb2 h20\" style=\"font-size:28px\"><strong>Requisitos de cualificaci\u00f3n de los concesionarios: qu\u00e9 esperamos de usted<\/strong><\/h2>\n\n\n\n<p class=\"layout mb2\">Para garantizar un funcionamiento profesional del mercado y una alta satisfacci\u00f3n del cliente, nuestros candidatos a distribuidores autorizados deben cumplir las siguientes condiciones b\u00e1sicas:<\/p>\n\n\n\n<div class=\"wp-block-columns layout outBorder mb3 is-layout-flex wp-container-core-columns-is-layout-3 wp-block-columns-is-layout-flex\">\n<div class=\"wp-block-column is-layout-flow wp-block-column-is-layout-flow\">\n<h3 class=\"wp-block-heading mb\">\u25c6 Capacidad empresarial<\/h3>\n\n\n\n<ul class=\"wp-block-list mb2 ulDesc\">\n<li>Entidad empresarial legal y registrada en su pa\u00eds o regi\u00f3n<\/li>\n\n\n\n<li>Preferiblemente, experiencia en maquinaria, veh\u00edculos, transporte o industrias relacionadas.<\/li>\n<\/ul>\n\n\n\n<h3 class=\"wp-block-heading mb\">\u25c6 Capacidad de desarrollo del mercado<\/h3>\n\n\n\n<ul class=\"wp-block-list mb2 ulDesc\">\n<li>Conocimiento del mercado local de maquinaria de construcci\u00f3n o camiones&nbsp;<\/li>\n\n\n\n<li>Capacidad para organizar campa\u00f1as de marketing y captar clientes&nbsp;<\/li>\n\n\n\n<li>Se valorar\u00e1 la existencia de una red de ventas o una base de clientes.<\/li>\n<\/ul>\n\n\n\n<h3 class=\"wp-block-heading mb\">\u25c6 Capacidad de venta y servicio<\/h3>\n\n\n\n<ul class=\"wp-block-list mb2 ulDesc\">\n<li>Capacidad de comunicaci\u00f3n preventa local<\/li>\n\n\n\n<li>Asistencia posventa b\u00e1sica o canal de cooperaci\u00f3n de servicios<\/li>\n\n\n\n<li>Voluntad de mantener la reputaci\u00f3n de la marca y la imagen de mercado<\/li>\n<\/ul>\n\n\n\n<h3 class=\"wp-block-heading mb\">Equipo y recursos<\/h3>\n\n\n\n<ul class=\"wp-block-list mb2 ulDesc\">\n<li>Equipo de ventas estable o personal de ventas especializado&nbsp;<\/li>\n\n\n\n<li>&nbsp;Preferiblemente en oficina, sala de exposiciones o almac\u00e9n<\/li>\n<\/ul>\n\n\n\n<h3 class=\"wp-block-heading mb\">Actitud de asociaci\u00f3n<\/h3>\n\n\n\n<ul class=\"wp-block-list mb2 ulDesc\">\n<li>Dispuestos a establecer una cooperaci\u00f3n estrat\u00e9gica a largo plazo<\/li>\n\n\n\n<li>Aceptar el sistema de precios y la pol\u00edtica de protecci\u00f3n regional<\/li>\n<\/ul>\n<\/div>\n<\/div>\n\n\n\n<div class=\"wp-block-buttons mb3 is-content-justification-center is-layout-flex wp-container-core-buttons-is-layout-2 wp-block-buttons-is-layout-flex\">\n<div class=\"wp-block-button has-custom-font-size\" style=\"font-size:16px\"><a class=\"wp-block-button__link has-white-color has-text-color has-background has-link-color wp-element-button\" href=\"\/contact-us\/\" style=\"border-radius:2px;background-color:#e30613\"><strong>P\u00f3ngase en contacto con nosotros<\/strong><\/a><\/div>\n<\/div>\n\n\n\n<style>\n\n.outBorder{\n    border: 6px solid #00000021;\n    padding: 20px;\n\n}\n.ulDesc li{\nlist-style:disc!important;\nmargin-left:40px\n\n}\n\n.gap{\ngap:2px!important\n}\n       .bgImg {\n\n       background-image: url(\/wp-content\/uploads\/2025\/11\/title_bg.webp) !important;\n    background-size: cover;\n    background-repeat: no-repeat;\n    background-position: top;\n    height: 13vw;\n    display: flex;\n    align-items: center;\n    justify-content: center;\n   \n        }\n\n.mb3{\nmargin-bottom:3%!important\n}\n.mb2{\nmargin-bottom:2%\n}\n.mb10{\nmargin-bottom:10%\n}\n\n.h2t{\n    padding-bottom: 0;\n    position: relative;\n    padding-left: 20px;\n}\n.h2t:after {\n  \n    bottom: 0;\n    content: \" \";\n    \/* display: block; *\/\n    left: 0;\n    position: absolute;\n    width: 10px;\n    background: #e30613 !important;\n    height: 100%;\n    visibility: visible!important;\n}\n\n\n\n@media screen and (min-width:781px){\n   \n\n} \n#header_inquiry-form {\n  \n    box-shadow: none !important;\n\n    border: 1px solid #eee !important;\n}\n\n    <\/style>\n\n\n\n<style>\n@media screen and (max-width:781px){\n.h20{\nfont-size:18px!important\n}\n\n}\na{\ncolor:red;}\n<\/style>\n\n\n\n<p><\/p>","protected":false},"excerpt":{"rendered":"<p>Inicio Solicitud de Agente Convi\u00e9rtase en Concesionario y Distribuidor Autorizado de Maquinaria Pesada Solicite convertirse en concesionario autorizado de camiones, semirremolques, maquinaria pesada y equipos de construcci\u00f3n. Precios competitivos, pol\u00edtica de protecci\u00f3n regional, apoyo de marketing y servicio posventa completo. Nuestras ventajas - Lo que ofrecemos a nuestros distribuidores Convertirse en un distribuidor autorizado de Shandong Global Diamond Automobile Technology Co., Ltd. significa [...]<\/p>","protected":false},"author":1,"featured_media":0,"parent":0,"menu_order":0,"comment_status":"closed","ping_status":"closed","template":"","meta":{"footnotes":""},"class_list":["post-976","page","type-page","status-publish","hentry"],"yoast_head":"<!-- This site is optimized with the Yoast SEO plugin v26.6 - https:\/\/yoast.com\/wordpress\/plugins\/seo\/ -->\n<title>Global Truck &amp; Semi Trailer Manufacturer Partnership - Global Heavy Truck Trailer Solutions<\/title>\n<meta name=\"description\" content=\"Apply to become a sales agent of Shandong Global Diamond, a leading truck and semi trailer manufacturer. Join our global dealer network and grow your business with factory-direct support, competitive pricing, and full marketing assistance.\" \/>\n<meta name=\"robots\" content=\"index, follow, max-snippet:-1, max-image-preview:large, max-video-preview:-1\" \/>\n<link rel=\"canonical\" href=\"https:\/\/www.gdtrailer.com\/es\/agent-application\/\" \/>\n<meta property=\"og:locale\" content=\"es_ES\" \/>\n<meta property=\"og:type\" content=\"article\" \/>\n<meta property=\"og:title\" content=\"Global Truck &amp; Semi Trailer Manufacturer Partnership - Global Heavy Truck Trailer Solutions\" \/>\n<meta property=\"og:description\" content=\"Apply to become a sales agent of Shandong Global Diamond, a leading truck and semi trailer manufacturer. Join our global dealer network and grow your business with factory-direct support, competitive pricing, and full marketing assistance.\" \/>\n<meta property=\"og:url\" content=\"https:\/\/www.gdtrailer.com\/es\/agent-application\/\" \/>\n<meta property=\"og:site_name\" content=\"Global Heavy Truck Trailer Solutions\" \/>\n<meta property=\"article:publisher\" content=\"https:\/\/www.facebook.com\/gdtrailer\" \/>\n<meta property=\"article:modified_time\" content=\"2026-02-06T02:35:49+00:00\" \/>\n<meta property=\"og:image\" content=\"https:\/\/www.gdtrailer.com\/wp-content\/uploads\/2026\/02\/Global-Diamond-Heavy-Duty-Trucks-for-Global-Transport.webp\" \/>\n\t<meta property=\"og:image:width\" content=\"2000\" \/>\n\t<meta property=\"og:image:height\" content=\"500\" \/>\n\t<meta property=\"og:image:type\" content=\"image\/webp\" \/>\n<meta name=\"twitter:card\" content=\"summary_large_image\" \/>\n<meta name=\"twitter:label1\" content=\"Est. reading time\" \/>\n\t<meta name=\"twitter:data1\" content=\"3 minutos\" \/>\n<script type=\"application\/ld+json\" class=\"yoast-schema-graph\">{\"@context\":\"https:\/\/schema.org\",\"@graph\":[{\"@type\":\"WebPage\",\"@id\":\"https:\/\/www.gdtrailer.com\/agent-application\/\",\"url\":\"https:\/\/www.gdtrailer.com\/agent-application\/\",\"name\":\"Global Truck & Semi Trailer Manufacturer Partnership - Global Heavy Truck Trailer Solutions\",\"isPartOf\":{\"@id\":\"https:\/\/www.gdtrailer.com\/#website\"},\"datePublished\":\"2025-03-12T02:18:08+00:00\",\"dateModified\":\"2026-02-06T02:35:49+00:00\",\"description\":\"Apply to become a sales agent of Shandong Global Diamond, a leading truck and semi trailer manufacturer. Join our global dealer network and grow your business with factory-direct support, competitive pricing, and full marketing assistance.\",\"breadcrumb\":{\"@id\":\"https:\/\/www.gdtrailer.com\/agent-application\/#breadcrumb\"},\"inLanguage\":\"es\",\"potentialAction\":[{\"@type\":\"ReadAction\",\"target\":[\"https:\/\/www.gdtrailer.com\/agent-application\/\"]}]},{\"@type\":\"BreadcrumbList\",\"@id\":\"https:\/\/www.gdtrailer.com\/agent-application\/#breadcrumb\",\"itemListElement\":[{\"@type\":\"ListItem\",\"position\":1,\"name\":\"Home\",\"item\":\"https:\/\/www.gdtrailer.com\/\"},{\"@type\":\"ListItem\",\"position\":2,\"name\":\"Agent Application\"}]},{\"@type\":\"WebSite\",\"@id\":\"https:\/\/www.gdtrailer.com\/#website\",\"url\":\"https:\/\/www.gdtrailer.com\/\",\"name\":\"Global Heavy Truck Trailer Solutions\",\"description\":\"Global Heavy Truck Trailer Solutions\",\"publisher\":{\"@id\":\"https:\/\/www.gdtrailer.com\/#organization\"},\"potentialAction\":[{\"@type\":\"SearchAction\",\"target\":{\"@type\":\"EntryPoint\",\"urlTemplate\":\"https:\/\/www.gdtrailer.com\/?s={search_term_string}\"},\"query-input\":{\"@type\":\"PropertyValueSpecification\",\"valueRequired\":true,\"valueName\":\"search_term_string\"}}],\"inLanguage\":\"es\"},{\"@type\":\"Organization\",\"@id\":\"https:\/\/www.gdtrailer.com\/#organization\",\"name\":\"Shandong Global Diamond Automobile Technology Co., Ltd\",\"url\":\"https:\/\/www.gdtrailer.com\/\",\"logo\":{\"@type\":\"ImageObject\",\"inLanguage\":\"es\",\"@id\":\"https:\/\/www.gdtrailer.com\/#\/schema\/logo\/image\/\",\"url\":\"https:\/\/www.gdtrailer.com\/wp-content\/uploads\/2026\/02\/Global-Diamond-Heavy-Duty-Trucks-for-Global-Transport.webp\",\"contentUrl\":\"https:\/\/www.gdtrailer.com\/wp-content\/uploads\/2026\/02\/Global-Diamond-Heavy-Duty-Trucks-for-Global-Transport.webp\",\"width\":2000,\"height\":500,\"caption\":\"Shandong Global Diamond Automobile Technology Co., Ltd\"},\"image\":{\"@id\":\"https:\/\/www.gdtrailer.com\/#\/schema\/logo\/image\/\"},\"sameAs\":[\"https:\/\/www.facebook.com\/gdtrailer\",\"https:\/\/www.youtube.com\/@gdtrailer\"]}]}<\/script>\n<!-- \/ Yoast SEO plugin. -->","yoast_head_json":{"title":"Global Truck & Semi Trailer Manufacturer Partnership - Global Heavy Truck Trailer Solutions","description":"Apply to become a sales agent of Shandong Global Diamond, a leading truck and semi trailer manufacturer. Join our global dealer network and grow your business with factory-direct support, competitive pricing, and full marketing assistance.","robots":{"index":"index","follow":"follow","max-snippet":"max-snippet:-1","max-image-preview":"max-image-preview:large","max-video-preview":"max-video-preview:-1"},"canonical":"https:\/\/www.gdtrailer.com\/es\/agent-application\/","og_locale":"es_ES","og_type":"article","og_title":"Global Truck & Semi Trailer Manufacturer Partnership - Global Heavy Truck Trailer Solutions","og_description":"Apply to become a sales agent of Shandong Global Diamond, a leading truck and semi trailer manufacturer. Join our global dealer network and grow your business with factory-direct support, competitive pricing, and full marketing assistance.","og_url":"https:\/\/www.gdtrailer.com\/es\/agent-application\/","og_site_name":"Global Heavy Truck Trailer Solutions","article_publisher":"https:\/\/www.facebook.com\/gdtrailer","article_modified_time":"2026-02-06T02:35:49+00:00","og_image":[{"width":2000,"height":500,"url":"https:\/\/www.gdtrailer.com\/wp-content\/uploads\/2026\/02\/Global-Diamond-Heavy-Duty-Trucks-for-Global-Transport.webp","type":"image\/webp"}],"twitter_card":"summary_large_image","twitter_misc":{"Est. reading time":"3 minutos"},"schema":{"@context":"https:\/\/schema.org","@graph":[{"@type":"WebPage","@id":"https:\/\/www.gdtrailer.com\/agent-application\/","url":"https:\/\/www.gdtrailer.com\/agent-application\/","name":"Global Truck & Semi Trailer Manufacturer Partnership - Global Heavy Truck Trailer Solutions","isPartOf":{"@id":"https:\/\/www.gdtrailer.com\/#website"},"datePublished":"2025-03-12T02:18:08+00:00","dateModified":"2026-02-06T02:35:49+00:00","description":"Apply to become a sales agent of Shandong Global Diamond, a leading truck and semi trailer manufacturer. Join our global dealer network and grow your business with factory-direct support, competitive pricing, and full marketing assistance.","breadcrumb":{"@id":"https:\/\/www.gdtrailer.com\/agent-application\/#breadcrumb"},"inLanguage":"es","potentialAction":[{"@type":"ReadAction","target":["https:\/\/www.gdtrailer.com\/agent-application\/"]}]},{"@type":"BreadcrumbList","@id":"https:\/\/www.gdtrailer.com\/agent-application\/#breadcrumb","itemListElement":[{"@type":"ListItem","position":1,"name":"Home","item":"https:\/\/www.gdtrailer.com\/"},{"@type":"ListItem","position":2,"name":"Agent Application"}]},{"@type":"WebSite","@id":"https:\/\/www.gdtrailer.com\/#website","url":"https:\/\/www.gdtrailer.com\/","name":"Global Heavy Truck Trailer Solutions","description":"Global Heavy Truck Trailer Solutions","publisher":{"@id":"https:\/\/www.gdtrailer.com\/#organization"},"potentialAction":[{"@type":"SearchAction","target":{"@type":"EntryPoint","urlTemplate":"https:\/\/www.gdtrailer.com\/?s={search_term_string}"},"query-input":{"@type":"PropertyValueSpecification","valueRequired":true,"valueName":"search_term_string"}}],"inLanguage":"es"},{"@type":"Organization","@id":"https:\/\/www.gdtrailer.com\/#organization","name":"Shandong Global Diamond Automobile Technology Co., Ltd","url":"https:\/\/www.gdtrailer.com\/","logo":{"@type":"ImageObject","inLanguage":"es","@id":"https:\/\/www.gdtrailer.com\/#\/schema\/logo\/image\/","url":"https:\/\/www.gdtrailer.com\/wp-content\/uploads\/2026\/02\/Global-Diamond-Heavy-Duty-Trucks-for-Global-Transport.webp","contentUrl":"https:\/\/www.gdtrailer.com\/wp-content\/uploads\/2026\/02\/Global-Diamond-Heavy-Duty-Trucks-for-Global-Transport.webp","width":2000,"height":500,"caption":"Shandong Global Diamond Automobile Technology Co., Ltd"},"image":{"@id":"https:\/\/www.gdtrailer.com\/#\/schema\/logo\/image\/"},"sameAs":["https:\/\/www.facebook.com\/gdtrailer","https:\/\/www.youtube.com\/@gdtrailer"]}]}},"_links":{"self":[{"href":"https:\/\/www.gdtrailer.com\/es\/wp-json\/wp\/v2\/pages\/976","targetHints":{"allow":["GET"]}}],"collection":[{"href":"https:\/\/www.gdtrailer.com\/es\/wp-json\/wp\/v2\/pages"}],"about":[{"href":"https:\/\/www.gdtrailer.com\/es\/wp-json\/wp\/v2\/types\/page"}],"author":[{"embeddable":true,"href":"https:\/\/www.gdtrailer.com\/es\/wp-json\/wp\/v2\/users\/1"}],"replies":[{"embeddable":true,"href":"https:\/\/www.gdtrailer.com\/es\/wp-json\/wp\/v2\/comments?post=976"}],"version-history":[{"count":173,"href":"https:\/\/www.gdtrailer.com\/es\/wp-json\/wp\/v2\/pages\/976\/revisions"}],"predecessor-version":[{"id":8703,"href":"https:\/\/www.gdtrailer.com\/es\/wp-json\/wp\/v2\/pages\/976\/revisions\/8703"}],"wp:attachment":[{"href":"https:\/\/www.gdtrailer.com\/es\/wp-json\/wp\/v2\/media?parent=976"}],"curies":[{"name":"wp","href":"https:\/\/api.w.org\/{rel}","templated":true}]}}